{"id":1761,"date":"2017-07-10T13:36:15","date_gmt":"2017-07-10T13:36:15","guid":{"rendered":"http:\/\/cialdedimontecatinicom.trasferimentiaruba.it\/cart\/"},"modified":"2024-07-25T03:09:40","modified_gmt":"2024-07-25T01:09:40","slug":"carrello-2","status":"publish","type":"page","link":"https:\/\/cialdedimontecatini.com\/en\/carrello-2\/","title":{"rendered":"Carrello"},"content":{"rendered":"\t\t<div data-elementor-type=\"wp-page\" data-elementor-id=\"1761\" class=\"elementor elementor-1761 elementor-1172\" data-elementor-post-type=\"page\">\n\t\t\t\t<div class=\"elementor-element elementor-element-bffc42f e-con-full e-flex e-con e-parent\" data-id=\"bffc42f\" data-element_type=\"container\">\n\t\t\t\t<div class=\"elementor-element elementor-element-3ad8ca2 elementor-widget elementor-widget-image\" data-id=\"3ad8ca2\" data-element_type=\"widget\" data-widget_type=\"image.default\">\n\t\t\t\t<div class=\"elementor-widget-container\">\n\t\t\t<style>\/*! elementor - v3.23.0 - 23-07-2024 *\/\n.elementor-widget-image{text-align:center}.elementor-widget-image a{display:inline-block}.elementor-widget-image a img[src$=\".svg\"]{width:48px}.elementor-widget-image img{vertical-align:middle;display:inline-block}<\/style>\t\t\t\t\t\t\t\t\t\t<img fetchpriority=\"high\" decoding=\"async\" width=\"1920\" height=\"461\" src=\"https:\/\/cialdedimontecatini.com\/wp-content\/uploads\/2024\/07\/L8A2142-9.jpg\" class=\"attachment-full size-full wp-image-19025\" alt=\"\" srcset=\"https:\/\/cialdedimontecatini.com\/wp-content\/uploads\/2024\/07\/L8A2142-9.jpg 1920w, https:\/\/cialdedimontecatini.com\/wp-content\/uploads\/2024\/07\/L8A2142-9-800x192.jpg 800w, https:\/\/cialdedimontecatini.com\/wp-content\/uploads\/2024\/07\/L8A2142-9-300x72.jpg 300w, https:\/\/cialdedimontecatini.com\/wp-content\/uploads\/2024\/07\/L8A2142-9-1024x246.jpg 1024w, https:\/\/cialdedimontecatini.com\/wp-content\/uploads\/2024\/07\/L8A2142-9-768x184.jpg 768w, https:\/\/cialdedimontecatini.com\/wp-content\/uploads\/2024\/07\/L8A2142-9-1536x369.jpg 1536w\" sizes=\"(max-width: 1920px) 100vw, 1920px\" \/>\t\t\t\t\t\t\t\t\t\t\t\t\t<\/div>\n\t\t\t\t<\/div>\n\t\t\t\t<\/div>\n\t\t<div class=\"elementor-element elementor-element-38084cae e-flex e-con-boxed e-con e-parent\" data-id=\"38084cae\" data-element_type=\"container\">\n\t\t\t\t\t<div class=\"e-con-inner\">\n\t\t\t\t<div class=\"elementor-element elementor-element-19c4ca8 elementor-widget elementor-widget-heading\" data-id=\"19c4ca8\" data-element_type=\"widget\" data-widget_type=\"heading.default\">\n\t\t\t\t<div class=\"elementor-widget-container\">\n\t\t\t<style>\/*! elementor - v3.23.0 - 23-07-2024 *\/\n.elementor-heading-title{padding:0;margin:0;line-height:1}.elementor-widget-heading .elementor-heading-title[class*=elementor-size-]>a{color:inherit;font-size:inherit;line-height:inherit}.elementor-widget-heading .elementor-heading-title.elementor-size-small{font-size:15px}.elementor-widget-heading .elementor-heading-title.elementor-size-medium{font-size:19px}.elementor-widget-heading .elementor-heading-title.elementor-size-large{font-size:29px}.elementor-widget-heading .elementor-heading-title.elementor-size-xl{font-size:39px}.elementor-widget-heading .elementor-heading-title.elementor-size-xxl{font-size:59px}<\/style><h2 class=\"elementor-heading-title elementor-size-default\">Cart<\/h2>\t\t<\/div>\n\t\t\t\t<\/div>\n\t\t\t\t\t<\/div>\n\t\t\t\t<\/div>\n\t\t\t\t<\/div>\n\t\t","protected":false},"excerpt":{"rendered":"<p>Cart Rimuovi articolo Miniatura immagine Prodotto Prezzo Quantit\u00e0 Subtotale &times; test &euro;10,00 test quantit\u00e0 &euro;10,00 &times; Cofanetto oro da 20 Cialde &euro;28,00 Cofanetto oro da 20 Cialde quantit\u00e0 &euro;28,00 Apply coupon promo Total Subtotale &euro;38,00 Spedizione Calcola spedizione Paese\/regione: Seleziona un Paese\/una regione\u2026AustriaBelgioBulgariaDanimarcaEstoniaFinlandiaFranciaGermaniaGreciaIrlandaItaliaLettoniaLituaniaLussemburgoPaesi BassiPoloniaPortogalloRepubblica CecaRomaniaSlovacchiaSloveniaSpagnaSveziaUngheria Stato\/Provincia: Citt\u00e0: Codice postale\/CAP: Update Totale &euro;38,00 (inclusi &euro;6,85 IVA) [&hellip;]<\/p>\n","protected":false},"author":1,"featured_media":0,"parent":0,"menu_order":0,"comment_status":"closed","ping_status":"closed","template":"elementor_header_footer","meta":{"_acf_changed":false,"footnotes":""},"class_list":["post-1761","page","type-page","status-publish","hentry"],"acf":[],"yoast_head":"<!-- This site is optimized with the Yoast SEO plugin v23.1 - https:\/\/yoast.com\/wordpress\/plugins\/seo\/ -->\n<title>Carrello - Cialde di Montecatini - Le originali<\/title>\n<meta name=\"robots\" content=\"index, follow, max-snippet:-1, max-image-preview:large, max-video-preview:-1\" \/>\n<link rel=\"canonical\" href=\"https:\/\/cialdedimontecatini.com\/en\/carrello-2\/\" \/>\n<meta property=\"og:locale\" content=\"en_US\" \/>\n<meta property=\"og:type\" content=\"article\" \/>\n<meta property=\"og:title\" content=\"Carrello - Cialde di Montecatini - Le originali\" \/>\n<meta property=\"og:description\" content=\"Cart Rimuovi articolo Miniatura immagine Prodotto Prezzo Quantit\u00e0 Subtotale &times; test &euro;10,00 test quantit\u00e0 &euro;10,00 &times; Cofanetto oro da 20 Cialde &euro;28,00 Cofanetto oro da 20 Cialde quantit\u00e0 &euro;28,00 Apply coupon promo Total Subtotale &euro;38,00 Spedizione Calcola spedizione Paese\/regione: Seleziona un Paese\/una regione\u2026AustriaBelgioBulgariaDanimarcaEstoniaFinlandiaFranciaGermaniaGreciaIrlandaItaliaLettoniaLituaniaLussemburgoPaesi BassiPoloniaPortogalloRepubblica CecaRomaniaSlovacchiaSloveniaSpagnaSveziaUngheria Stato\/Provincia: Citt\u00e0: Codice postale\/CAP: Update Totale &euro;38,00 (inclusi &euro;6,85 IVA) [&hellip;]\" \/>\n<meta property=\"og:url\" content=\"https:\/\/cialdedimontecatini.com\/en\/carrello-2\/\" \/>\n<meta property=\"og:site_name\" content=\"Cialde di Montecatini - Le originali\" \/>\n<meta property=\"article:publisher\" content=\"https:\/\/www.facebook.com\/cialdedimontecatini\" \/>\n<meta property=\"article:modified_time\" content=\"2024-07-25T01:09:40+00:00\" \/>\n<meta property=\"og:image\" content=\"http:\/\/cialdedimontecatini.com\/wp-content\/uploads\/2024\/07\/L8A2142-9.jpg\" \/>\n<meta name=\"twitter:card\" content=\"summary_large_image\" \/>\n<meta name=\"twitter:label1\" content=\"Est. reading time\" \/>\n\t<meta name=\"twitter:data1\" content=\"1 minute\" \/>\n<script type=\"application\/ld+json\" class=\"yoast-schema-graph\">{\"@context\":\"https:\/\/schema.org\",\"@graph\":[{\"@type\":\"WebPage\",\"@id\":\"https:\/\/cialdedimontecatini.com\/en\/carrello-2\/\",\"url\":\"https:\/\/cialdedimontecatini.com\/en\/carrello-2\/\",\"name\":\"Carrello - Cialde di Montecatini - Le originali\",\"isPartOf\":{\"@id\":\"https:\/\/cialdedimontecatini.com\/#website\"},\"primaryImageOfPage\":{\"@id\":\"https:\/\/cialdedimontecatini.com\/en\/carrello-2\/#primaryimage\"},\"image\":{\"@id\":\"https:\/\/cialdedimontecatini.com\/en\/carrello-2\/#primaryimage\"},\"thumbnailUrl\":\"http:\/\/cialdedimontecatini.com\/wp-content\/uploads\/2024\/07\/L8A2142-9.jpg\",\"datePublished\":\"2017-07-10T13:36:15+00:00\",\"dateModified\":\"2024-07-25T01:09:40+00:00\",\"breadcrumb\":{\"@id\":\"https:\/\/cialdedimontecatini.com\/en\/carrello-2\/#breadcrumb\"},\"inLanguage\":\"en-US\",\"potentialAction\":[{\"@type\":\"ReadAction\",\"target\":[\"https:\/\/cialdedimontecatini.com\/en\/carrello-2\/\"]}]},{\"@type\":\"ImageObject\",\"inLanguage\":\"en-US\",\"@id\":\"https:\/\/cialdedimontecatini.com\/en\/carrello-2\/#primaryimage\",\"url\":\"http:\/\/cialdedimontecatini.com\/wp-content\/uploads\/2024\/07\/L8A2142-9.jpg\",\"contentUrl\":\"http:\/\/cialdedimontecatini.com\/wp-content\/uploads\/2024\/07\/L8A2142-9.jpg\"},{\"@type\":\"BreadcrumbList\",\"@id\":\"https:\/\/cialdedimontecatini.com\/en\/carrello-2\/#breadcrumb\",\"itemListElement\":[{\"@type\":\"ListItem\",\"position\":1,\"name\":\"Home\",\"item\":\"https:\/\/cialdedimontecatini.com\/en\/\"},{\"@type\":\"ListItem\",\"position\":2,\"name\":\"Carrello\"}]},{\"@type\":\"WebSite\",\"@id\":\"https:\/\/cialdedimontecatini.com\/#website\",\"url\":\"https:\/\/cialdedimontecatini.com\/\",\"name\":\"Cialde di Montecatini - Le originali\",\"description\":\"Cialde, un delizioso biscotto leggero e nutriente\",\"publisher\":{\"@id\":\"https:\/\/cialdedimontecatini.com\/#organization\"},\"potentialAction\":[{\"@type\":\"SearchAction\",\"target\":{\"@type\":\"EntryPoint\",\"urlTemplate\":\"https:\/\/cialdedimontecatini.com\/?s={search_term_string}\"},\"query-input\":\"required name=search_term_string\"}],\"inLanguage\":\"en-US\"},{\"@type\":\"Organization\",\"@id\":\"https:\/\/cialdedimontecatini.com\/#organization\",\"name\":\"Cialde di Montecatini\",\"url\":\"https:\/\/cialdedimontecatini.com\/\",\"logo\":{\"@type\":\"ImageObject\",\"inLanguage\":\"en-US\",\"@id\":\"https:\/\/cialdedimontecatini.com\/#\/schema\/logo\/image\/\",\"url\":\"http:\/\/cialdedimontecatini.com\/wp-content\/uploads\/2020\/05\/LOGO-2017-K-S-resized.resized.png\",\"contentUrl\":\"http:\/\/cialdedimontecatini.com\/wp-content\/uploads\/2020\/05\/LOGO-2017-K-S-resized.resized.png\",\"width\":128,\"height\":51,\"caption\":\"Cialde di Montecatini\"},\"image\":{\"@id\":\"https:\/\/cialdedimontecatini.com\/#\/schema\/logo\/image\/\"},\"sameAs\":[\"https:\/\/www.facebook.com\/cialdedimontecatini\",\"https:\/\/www.instagram.com\/cialdedimontecatini\"]}]}<\/script>\n<!-- \/ Yoast SEO plugin. -->","yoast_head_json":{"title":"Carrello - Cialde di Montecatini - Le originali","robots":{"index":"index","follow":"follow","max-snippet":"max-snippet:-1","max-image-preview":"max-image-preview:large","max-video-preview":"max-video-preview:-1"},"canonical":"https:\/\/cialdedimontecatini.com\/en\/carrello-2\/","og_locale":"en_US","og_type":"article","og_title":"Carrello - Cialde di Montecatini - Le originali","og_description":"Cart Rimuovi articolo Miniatura immagine Prodotto Prezzo Quantit\u00e0 Subtotale &times; test &euro;10,00 test quantit\u00e0 &euro;10,00 &times; Cofanetto oro da 20 Cialde &euro;28,00 Cofanetto oro da 20 Cialde quantit\u00e0 &euro;28,00 Apply coupon promo Total Subtotale &euro;38,00 Spedizione Calcola spedizione Paese\/regione: Seleziona un Paese\/una regione\u2026AustriaBelgioBulgariaDanimarcaEstoniaFinlandiaFranciaGermaniaGreciaIrlandaItaliaLettoniaLituaniaLussemburgoPaesi BassiPoloniaPortogalloRepubblica CecaRomaniaSlovacchiaSloveniaSpagnaSveziaUngheria Stato\/Provincia: Citt\u00e0: Codice postale\/CAP: Update Totale &euro;38,00 (inclusi &euro;6,85 IVA) [&hellip;]","og_url":"https:\/\/cialdedimontecatini.com\/en\/carrello-2\/","og_site_name":"Cialde di Montecatini - Le originali","article_publisher":"https:\/\/www.facebook.com\/cialdedimontecatini","article_modified_time":"2024-07-25T01:09:40+00:00","og_image":[{"url":"http:\/\/cialdedimontecatini.com\/wp-content\/uploads\/2024\/07\/L8A2142-9.jpg"}],"twitter_card":"summary_large_image","twitter_misc":{"Est. reading time":"1 minute"},"schema":{"@context":"https:\/\/schema.org","@graph":[{"@type":"WebPage","@id":"https:\/\/cialdedimontecatini.com\/en\/carrello-2\/","url":"https:\/\/cialdedimontecatini.com\/en\/carrello-2\/","name":"Carrello - Cialde di Montecatini - Le originali","isPartOf":{"@id":"https:\/\/cialdedimontecatini.com\/#website"},"primaryImageOfPage":{"@id":"https:\/\/cialdedimontecatini.com\/en\/carrello-2\/#primaryimage"},"image":{"@id":"https:\/\/cialdedimontecatini.com\/en\/carrello-2\/#primaryimage"},"thumbnailUrl":"http:\/\/cialdedimontecatini.com\/wp-content\/uploads\/2024\/07\/L8A2142-9.jpg","datePublished":"2017-07-10T13:36:15+00:00","dateModified":"2024-07-25T01:09:40+00:00","breadcrumb":{"@id":"https:\/\/cialdedimontecatini.com\/en\/carrello-2\/#breadcrumb"},"inLanguage":"en-US","potentialAction":[{"@type":"ReadAction","target":["https:\/\/cialdedimontecatini.com\/en\/carrello-2\/"]}]},{"@type":"ImageObject","inLanguage":"en-US","@id":"https:\/\/cialdedimontecatini.com\/en\/carrello-2\/#primaryimage","url":"http:\/\/cialdedimontecatini.com\/wp-content\/uploads\/2024\/07\/L8A2142-9.jpg","contentUrl":"http:\/\/cialdedimontecatini.com\/wp-content\/uploads\/2024\/07\/L8A2142-9.jpg"},{"@type":"BreadcrumbList","@id":"https:\/\/cialdedimontecatini.com\/en\/carrello-2\/#breadcrumb","itemListElement":[{"@type":"ListItem","position":1,"name":"Home","item":"https:\/\/cialdedimontecatini.com\/en\/"},{"@type":"ListItem","position":2,"name":"Carrello"}]},{"@type":"WebSite","@id":"https:\/\/cialdedimontecatini.com\/#website","url":"https:\/\/cialdedimontecatini.com\/","name":"Cialde di Montecatini - Le originali","description":"Cialde, un delizioso biscotto leggero e nutriente","publisher":{"@id":"https:\/\/cialdedimontecatini.com\/#organization"},"potentialAction":[{"@type":"SearchAction","target":{"@type":"EntryPoint","urlTemplate":"https:\/\/cialdedimontecatini.com\/?s={search_term_string}"},"query-input":"required name=search_term_string"}],"inLanguage":"en-US"},{"@type":"Organization","@id":"https:\/\/cialdedimontecatini.com\/#organization","name":"Cialde di Montecatini","url":"https:\/\/cialdedimontecatini.com\/","logo":{"@type":"ImageObject","inLanguage":"en-US","@id":"https:\/\/cialdedimontecatini.com\/#\/schema\/logo\/image\/","url":"http:\/\/cialdedimontecatini.com\/wp-content\/uploads\/2020\/05\/LOGO-2017-K-S-resized.resized.png","contentUrl":"http:\/\/cialdedimontecatini.com\/wp-content\/uploads\/2020\/05\/LOGO-2017-K-S-resized.resized.png","width":128,"height":51,"caption":"Cialde di Montecatini"},"image":{"@id":"https:\/\/cialdedimontecatini.com\/#\/schema\/logo\/image\/"},"sameAs":["https:\/\/www.facebook.com\/cialdedimontecatini","https:\/\/www.instagram.com\/cialdedimontecatini"]}]}},"_links":{"self":[{"href":"https:\/\/cialdedimontecatini.com\/en\/wp-json\/wp\/v2\/pages\/1761","targetHints":{"allow":["GET"]}}],"collection":[{"href":"https:\/\/cialdedimontecatini.com\/en\/wp-json\/wp\/v2\/pages"}],"about":[{"href":"https:\/\/cialdedimontecatini.com\/en\/wp-json\/wp\/v2\/types\/page"}],"author":[{"embeddable":true,"href":"https:\/\/cialdedimontecatini.com\/en\/wp-json\/wp\/v2\/users\/1"}],"replies":[{"embeddable":true,"href":"https:\/\/cialdedimontecatini.com\/en\/wp-json\/wp\/v2\/comments?post=1761"}],"version-history":[{"count":5,"href":"https:\/\/cialdedimontecatini.com\/en\/wp-json\/wp\/v2\/pages\/1761\/revisions"}],"predecessor-version":[{"id":19064,"href":"https:\/\/cialdedimontecatini.com\/en\/wp-json\/wp\/v2\/pages\/1761\/revisions\/19064"}],"wp:attachment":[{"href":"https:\/\/cialdedimontecatini.com\/en\/wp-json\/wp\/v2\/media?parent=1761"}],"curies":[{"name":"wp","href":"https:\/\/api.w.org\/{rel}","templated":true}]}}